{"id":179,"date":"2023-09-22T18:39:17","date_gmt":"2023-09-22T18:39:17","guid":{"rendered":"https:\/\/qogyny.com\/?page_id=179"},"modified":"2023-09-22T20:18:35","modified_gmt":"2023-09-22T20:18:35","slug":"about","status":"publish","type":"page","link":"https:\/\/qogyny.com\/es\/about\/","title":{"rendered":"Acerca de nosotros"},"content":{"rendered":"<div data-elementor-type=\"wp-page\" data-elementor-id=\"179\" class=\"elementor elementor-179\" data-elementor-post-type=\"page\">\n\t\t\t\t<div class=\"elementor-element elementor-element-5a0f3f7 e-con-full e-flex e-con e-parent\" data-id=\"5a0f3f7\" data-element_type=\"container\" data-e-type=\"container\" data-settings=\"{&quot;background_background&quot;:&quot;classic&quot;}\">\n\t\t<div class=\"elementor-element elementor-element-e671cbc e-flex e-con-boxed e-con e-child\" data-id=\"e671cbc\" data-element_type=\"container\" data-e-type=\"container\">\n\t\t\t\t\t<div class=\"e-con-inner\">\n\t\t\t\t<div class=\"elementor-element elementor-element-23f09b3 elementor-widget elementor-widget-heading\" data-id=\"23f09b3\" data-element_type=\"widget\" data-e-type=\"widget\" data-widget_type=\"heading.default\">\n\t\t\t\t<div class=\"elementor-widget-container\">\n\t\t\t\t\t<h1 class=\"elementor-heading-title elementor-size-default\">Acerca de nosotros<\/h1>\t\t\t\t<\/div>\n\t\t\t\t<\/div>\n\t\t\t\t\t<\/div>\n\t\t\t\t<\/div>\n\t\t\t\t<\/div>\n\t\t<div class=\"elementor-element elementor-element-bfb4c0e e-flex e-con-boxed e-con e-parent\" data-id=\"bfb4c0e\" data-element_type=\"container\" data-e-type=\"container\">\n\t\t\t\t\t<div class=\"e-con-inner\">\n\t\t<div class=\"elementor-element elementor-element-7e7298e e-flex e-con-boxed e-con e-child\" data-id=\"7e7298e\" data-element_type=\"container\" data-e-type=\"container\">\n\t\t\t\t\t<div class=\"e-con-inner\">\n\t\t\t\t<div class=\"elementor-element elementor-element-9fefafc elementor-widget elementor-widget-image\" data-id=\"9fefafc\" data-element_type=\"widget\" data-e-type=\"widget\" data-widget_type=\"image.default\">\n\t\t\t\t<div class=\"elementor-widget-container\">\n\t\t\t\t\t\t\t\t\t\t\t\t\t\t\t<img fetchpriority=\"high\" decoding=\"async\" width=\"500\" height=\"750\" src=\"https:\/\/qogyny.com\/wp-content\/uploads\/2023\/09\/pexels-photo-5327585.png\" class=\"attachment-full size-full wp-image-183\" alt=\"\" srcset=\"https:\/\/qogyny.com\/wp-content\/uploads\/2023\/09\/pexels-photo-5327585.png 500w, https:\/\/qogyny.com\/wp-content\/uploads\/2023\/09\/pexels-photo-5327585-200x300.png 200w\" sizes=\"(max-width: 500px) 100vw, 500px\" \/>\t\t\t\t\t\t\t\t\t\t\t\t\t\t\t<\/div>\n\t\t\t\t<\/div>\n\t\t\t\t\t<\/div>\n\t\t\t\t<\/div>\n\t\t<div class=\"elementor-element elementor-element-9e169c2 e-flex e-con-boxed e-con e-child\" data-id=\"9e169c2\" data-element_type=\"container\" data-e-type=\"container\">\n\t\t\t\t\t<div class=\"e-con-inner\">\n\t\t\t\t<div class=\"elementor-element elementor-element-7374e4b elementor-widget elementor-widget-text-editor\" data-id=\"7374e4b\" data-element_type=\"widget\" data-e-type=\"widget\" data-widget_type=\"text-editor.default\">\n\t\t\t\t<div class=\"elementor-widget-container\">\n\t\t\t\t\t\t\t\t\t<p><strong>Nuestra meta es empoderar a la mujer en la comunidad que servimos para que mantenga una salud optima mediate el acceso a un cuidado culturalmente competente y comprensivo.<\/strong><\/p><p>En QOGYN la visi\u00f3n es una comunidad donde cada mujer tenga igual acceso a un sistema de salud de calidad, educaci\u00f3n y con acceso a recursos con los que pueda tomar desiciones acertadas en cuanto a su salud. Nuestras cl\u00ednica apunta a ser la gu\u00eda en la salud de la mujer proveyendo un ambiente inclusivo para la mujer en la comunidad.<\/p>\t\t\t\t\t\t\t\t<\/div>\n\t\t\t\t<\/div>\n\t\t\t\t\t<\/div>\n\t\t\t\t<\/div>\n\t\t\t\t\t<\/div>\n\t\t\t\t<\/div>\n\t\t\t\t<\/div>","protected":false},"excerpt":{"rendered":"<p>About Our goal is to empower and support women in our community to achieve and maintain optimal health and well-being through accessible, comprehensive, and culturally competent healthcare services. We envision a community where every woman has equitable access to high-quality healthcare, education, and resources to make informed decisions about her health and lead a healthy [&hellip;]<\/p>\n","protected":false},"author":1,"featured_media":0,"parent":0,"menu_order":0,"comment_status":"closed","ping_status":"closed","template":"","meta":{"_acf_changed":false,"_coblocks_attr":"","_coblocks_dimensions":"","_coblocks_responsive_height":"","_coblocks_accordion_ie_support":"","footnotes":""},"class_list":["post-179","page","type-page","status-publish","hentry"],"acf":[],"yoast_head":"<!-- This site is optimized with the Yoast SEO plugin v27.6 - https:\/\/yoast.com\/product\/yoast-seo-wordpress\/ -->\n<title>About - Queens Obstetrics &amp; Gynecology Services P.C.<\/title>\n<meta name=\"robots\" content=\"index, follow, max-snippet:-1, max-image-preview:large, max-video-preview:-1\" \/>\n<link rel=\"canonical\" href=\"https:\/\/qogyny.com\/es\/about\/\" \/>\n<meta property=\"og:locale\" content=\"es_ES\" \/>\n<meta property=\"og:type\" content=\"article\" \/>\n<meta property=\"og:title\" content=\"About - Queens Obstetrics &amp; Gynecology Services P.C.\" \/>\n<meta property=\"og:description\" content=\"About Our goal is to empower and support women in our community to achieve and maintain optimal health and well-being through accessible, comprehensive, and culturally competent healthcare services. We envision a community where every woman has equitable access to high-quality healthcare, education, and resources to make informed decisions about her health and lead a healthy [&hellip;]\" \/>\n<meta property=\"og:url\" content=\"https:\/\/qogyny.com\/es\/about\/\" \/>\n<meta property=\"og:site_name\" content=\"Queens Obstetrics &amp; Gynecology Services P.C.\" \/>\n<meta property=\"article:modified_time\" content=\"2023-09-22T20:18:35+00:00\" \/>\n<meta property=\"og:image\" content=\"https:\/\/qogyny.com\/wp-content\/uploads\/2023\/09\/pexels-photo-5327585.png\" \/>\n<meta name=\"twitter:card\" content=\"summary_large_image\" \/>\n<meta name=\"twitter:label1\" content=\"Tiempo de lectura\" \/>\n\t<meta name=\"twitter:data1\" content=\"1 minuto\" \/>\n<script type=\"application\/ld+json\" class=\"yoast-schema-graph\">{\"@context\":\"https:\\\/\\\/schema.org\",\"@graph\":[{\"@type\":\"WebPage\",\"@id\":\"https:\\\/\\\/qogyny.com\\\/about\\\/\",\"url\":\"https:\\\/\\\/qogyny.com\\\/about\\\/\",\"name\":\"About - Queens Obstetrics &amp; Gynecology Services P.C.\",\"isPartOf\":{\"@id\":\"https:\\\/\\\/qogyny.com\\\/#website\"},\"primaryImageOfPage\":{\"@id\":\"https:\\\/\\\/qogyny.com\\\/about\\\/#primaryimage\"},\"image\":{\"@id\":\"https:\\\/\\\/qogyny.com\\\/about\\\/#primaryimage\"},\"thumbnailUrl\":\"https:\\\/\\\/qogyny.com\\\/wp-content\\\/uploads\\\/2023\\\/09\\\/pexels-photo-5327585.png\",\"datePublished\":\"2023-09-22T18:39:17+00:00\",\"dateModified\":\"2023-09-22T20:18:35+00:00\",\"breadcrumb\":{\"@id\":\"https:\\\/\\\/qogyny.com\\\/about\\\/#breadcrumb\"},\"inLanguage\":\"es\",\"potentialAction\":[{\"@type\":\"ReadAction\",\"target\":[\"https:\\\/\\\/qogyny.com\\\/about\\\/\"]}]},{\"@type\":\"ImageObject\",\"inLanguage\":\"es\",\"@id\":\"https:\\\/\\\/qogyny.com\\\/about\\\/#primaryimage\",\"url\":\"https:\\\/\\\/qogyny.com\\\/wp-content\\\/uploads\\\/2023\\\/09\\\/pexels-photo-5327585.png\",\"contentUrl\":\"https:\\\/\\\/qogyny.com\\\/wp-content\\\/uploads\\\/2023\\\/09\\\/pexels-photo-5327585.png\"},{\"@type\":\"BreadcrumbList\",\"@id\":\"https:\\\/\\\/qogyny.com\\\/about\\\/#breadcrumb\",\"itemListElement\":[{\"@type\":\"ListItem\",\"position\":1,\"name\":\"Portada\",\"item\":\"https:\\\/\\\/qogyny.com\\\/\"},{\"@type\":\"ListItem\",\"position\":2,\"name\":\"About\"}]},{\"@type\":\"WebSite\",\"@id\":\"https:\\\/\\\/qogyny.com\\\/#website\",\"url\":\"https:\\\/\\\/qogyny.com\\\/\",\"name\":\"Queens Obstetrics &amp; Gynecology Services P.C.\",\"description\":\"\",\"publisher\":{\"@id\":\"https:\\\/\\\/qogyny.com\\\/#organization\"},\"potentialAction\":[{\"@type\":\"SearchAction\",\"target\":{\"@type\":\"EntryPoint\",\"urlTemplate\":\"https:\\\/\\\/qogyny.com\\\/?s={search_term_string}\"},\"query-input\":{\"@type\":\"PropertyValueSpecification\",\"valueRequired\":true,\"valueName\":\"search_term_string\"}}],\"inLanguage\":\"es\"},{\"@type\":\"Organization\",\"@id\":\"https:\\\/\\\/qogyny.com\\\/#organization\",\"name\":\"Queens Obstetrics &amp; Gynecology Services P.C.\",\"url\":\"https:\\\/\\\/qogyny.com\\\/\",\"logo\":{\"@type\":\"ImageObject\",\"inLanguage\":\"es\",\"@id\":\"https:\\\/\\\/qogyny.com\\\/#\\\/schema\\\/logo\\\/image\\\/\",\"url\":\"https:\\\/\\\/qogyny.com\\\/wp-content\\\/uploads\\\/2023\\\/08\\\/LOGO-QOGYN-.png\",\"contentUrl\":\"https:\\\/\\\/qogyny.com\\\/wp-content\\\/uploads\\\/2023\\\/08\\\/LOGO-QOGYN-.png\",\"width\":500,\"height\":222,\"caption\":\"Queens Obstetrics &amp; Gynecology Services P.C.\"},\"image\":{\"@id\":\"https:\\\/\\\/qogyny.com\\\/#\\\/schema\\\/logo\\\/image\\\/\"}}]}<\/script>\n<!-- \/ Yoast SEO plugin. -->","yoast_head_json":{"title":"About - Queens Obstetrics &amp; Gynecology Services P.C.","robots":{"index":"index","follow":"follow","max-snippet":"max-snippet:-1","max-image-preview":"max-image-preview:large","max-video-preview":"max-video-preview:-1"},"canonical":"https:\/\/qogyny.com\/es\/about\/","og_locale":"es_ES","og_type":"article","og_title":"About - Queens Obstetrics &amp; Gynecology Services P.C.","og_description":"About Our goal is to empower and support women in our community to achieve and maintain optimal health and well-being through accessible, comprehensive, and culturally competent healthcare services. We envision a community where every woman has equitable access to high-quality healthcare, education, and resources to make informed decisions about her health and lead a healthy [&hellip;]","og_url":"https:\/\/qogyny.com\/es\/about\/","og_site_name":"Queens Obstetrics &amp; Gynecology Services P.C.","article_modified_time":"2023-09-22T20:18:35+00:00","og_image":[{"url":"https:\/\/qogyny.com\/wp-content\/uploads\/2023\/09\/pexels-photo-5327585.png","type":"","width":"","height":""}],"twitter_card":"summary_large_image","twitter_misc":{"Tiempo de lectura":"1 minuto"},"schema":{"@context":"https:\/\/schema.org","@graph":[{"@type":"WebPage","@id":"https:\/\/qogyny.com\/about\/","url":"https:\/\/qogyny.com\/about\/","name":"About - Queens Obstetrics &amp; Gynecology Services P.C.","isPartOf":{"@id":"https:\/\/qogyny.com\/#website"},"primaryImageOfPage":{"@id":"https:\/\/qogyny.com\/about\/#primaryimage"},"image":{"@id":"https:\/\/qogyny.com\/about\/#primaryimage"},"thumbnailUrl":"https:\/\/qogyny.com\/wp-content\/uploads\/2023\/09\/pexels-photo-5327585.png","datePublished":"2023-09-22T18:39:17+00:00","dateModified":"2023-09-22T20:18:35+00:00","breadcrumb":{"@id":"https:\/\/qogyny.com\/about\/#breadcrumb"},"inLanguage":"es","potentialAction":[{"@type":"ReadAction","target":["https:\/\/qogyny.com\/about\/"]}]},{"@type":"ImageObject","inLanguage":"es","@id":"https:\/\/qogyny.com\/about\/#primaryimage","url":"https:\/\/qogyny.com\/wp-content\/uploads\/2023\/09\/pexels-photo-5327585.png","contentUrl":"https:\/\/qogyny.com\/wp-content\/uploads\/2023\/09\/pexels-photo-5327585.png"},{"@type":"BreadcrumbList","@id":"https:\/\/qogyny.com\/about\/#breadcrumb","itemListElement":[{"@type":"ListItem","position":1,"name":"Portada","item":"https:\/\/qogyny.com\/"},{"@type":"ListItem","position":2,"name":"About"}]},{"@type":"WebSite","@id":"https:\/\/qogyny.com\/#website","url":"https:\/\/qogyny.com\/","name":"Queens Obstetrics &amp; Gynecology Services P.C.","description":"","publisher":{"@id":"https:\/\/qogyny.com\/#organization"},"potentialAction":[{"@type":"SearchAction","target":{"@type":"EntryPoint","urlTemplate":"https:\/\/qogyny.com\/?s={search_term_string}"},"query-input":{"@type":"PropertyValueSpecification","valueRequired":true,"valueName":"search_term_string"}}],"inLanguage":"es"},{"@type":"Organization","@id":"https:\/\/qogyny.com\/#organization","name":"Queens Obstetrics &amp; Gynecology Services P.C.","url":"https:\/\/qogyny.com\/","logo":{"@type":"ImageObject","inLanguage":"es","@id":"https:\/\/qogyny.com\/#\/schema\/logo\/image\/","url":"https:\/\/qogyny.com\/wp-content\/uploads\/2023\/08\/LOGO-QOGYN-.png","contentUrl":"https:\/\/qogyny.com\/wp-content\/uploads\/2023\/08\/LOGO-QOGYN-.png","width":500,"height":222,"caption":"Queens Obstetrics &amp; Gynecology Services P.C."},"image":{"@id":"https:\/\/qogyny.com\/#\/schema\/logo\/image\/"}}]}},"_links":{"self":[{"href":"https:\/\/qogyny.com\/es\/wp-json\/wp\/v2\/pages\/179","targetHints":{"allow":["GET"]}}],"collection":[{"href":"https:\/\/qogyny.com\/es\/wp-json\/wp\/v2\/pages"}],"about":[{"href":"https:\/\/qogyny.com\/es\/wp-json\/wp\/v2\/types\/page"}],"author":[{"embeddable":true,"href":"https:\/\/qogyny.com\/es\/wp-json\/wp\/v2\/users\/1"}],"replies":[{"embeddable":true,"href":"https:\/\/qogyny.com\/es\/wp-json\/wp\/v2\/comments?post=179"}],"version-history":[{"count":7,"href":"https:\/\/qogyny.com\/es\/wp-json\/wp\/v2\/pages\/179\/revisions"}],"predecessor-version":[{"id":190,"href":"https:\/\/qogyny.com\/es\/wp-json\/wp\/v2\/pages\/179\/revisions\/190"}],"wp:attachment":[{"href":"https:\/\/qogyny.com\/es\/wp-json\/wp\/v2\/media?parent=179"}],"curies":[{"name":"wp","href":"https:\/\/api.w.org\/{rel}","templated":true}]}}