{"id":162,"date":"2023-08-23T23:05:34","date_gmt":"2023-08-23T23:05:34","guid":{"rendered":"https:\/\/qogyny.com\/?page_id=162"},"modified":"2023-10-24T21:16:34","modified_gmt":"2023-10-24T21:16:34","slug":"services","status":"publish","type":"page","link":"https:\/\/qogyny.com\/es\/services\/","title":{"rendered":"Servicios"},"content":{"rendered":"<div data-elementor-type=\"wp-page\" data-elementor-id=\"162\" class=\"elementor elementor-162\" data-elementor-post-type=\"page\">\n\t\t\t\t<div class=\"elementor-element elementor-element-da36021 e-con-full e-flex e-con e-parent\" data-id=\"da36021\" data-element_type=\"container\" data-e-type=\"container\" data-settings=\"{&quot;background_background&quot;:&quot;classic&quot;}\">\n\t\t<div class=\"elementor-element elementor-element-31ab8e2 e-flex e-con-boxed e-con e-child\" data-id=\"31ab8e2\" data-element_type=\"container\" data-e-type=\"container\">\n\t\t\t\t\t<div class=\"e-con-inner\">\n\t\t\t\t<div class=\"elementor-element elementor-element-38978c5 elementor-widget elementor-widget-heading\" data-id=\"38978c5\" data-element_type=\"widget\" data-e-type=\"widget\" data-widget_type=\"heading.default\">\n\t\t\t\t<div class=\"elementor-widget-container\">\n\t\t\t\t\t<h1 class=\"elementor-heading-title elementor-size-default\">Servicios<\/h1>\t\t\t\t<\/div>\n\t\t\t\t<\/div>\n\t\t\t\t\t<\/div>\n\t\t\t\t<\/div>\n\t\t\t\t<\/div>\n\t\t<div class=\"elementor-element elementor-element-7543d92 e-flex e-con-boxed e-con e-parent\" data-id=\"7543d92\" data-element_type=\"container\" data-e-type=\"container\">\n\t\t\t\t\t<div class=\"e-con-inner\">\n\t\t<div class=\"elementor-element elementor-element-9df490e e-flex e-con-boxed e-con e-child\" data-id=\"9df490e\" data-element_type=\"container\" data-e-type=\"container\">\n\t\t\t\t\t<div class=\"e-con-inner\">\n\t\t\t\t<div class=\"elementor-element elementor-element-88097ea elementor-widget elementor-widget-heading\" data-id=\"88097ea\" data-element_type=\"widget\" data-e-type=\"widget\" data-widget_type=\"heading.default\">\n\t\t\t\t<div class=\"elementor-widget-container\">\n\t\t\t\t\t<h2 class=\"elementor-heading-title elementor-size-default\">Pruebas de Papanicolaou<\/h2>\t\t\t\t<\/div>\n\t\t\t\t<\/div>\n\t\t\t\t<div class=\"elementor-element elementor-element-2656e01 elementor-widget elementor-widget-text-editor\" data-id=\"2656e01\" data-element_type=\"widget\" data-e-type=\"widget\" data-widget_type=\"text-editor.default\">\n\t\t\t\t<div class=\"elementor-widget-container\">\n\t\t\t\t\t\t\t\t\t<p>El Papanicolaou es una prueba que puede prevenir el c\u00e1ncer de cuello uterino. Esta prueba detecta c\u00e9lulas anormales antes de que se conviertan en malignas. <i>\u00a1En QOGYN te podemos hacer el Papanicolaou!<\/i><\/p>\t\t\t\t\t\t\t\t<\/div>\n\t\t\t\t<\/div>\n\t\t\t\t\t<\/div>\n\t\t\t\t<\/div>\n\t\t<div class=\"elementor-element elementor-element-f4f3a84 e-flex e-con-boxed e-con e-child\" data-id=\"f4f3a84\" data-element_type=\"container\" data-e-type=\"container\">\n\t\t\t\t\t<div class=\"e-con-inner\">\n\t\t\t\t<div class=\"elementor-element elementor-element-4205295 elementor-widget elementor-widget-heading\" data-id=\"4205295\" data-element_type=\"widget\" data-e-type=\"widget\" data-widget_type=\"heading.default\">\n\t\t\t\t<div class=\"elementor-widget-container\">\n\t\t\t\t\t<h2 class=\"elementor-heading-title elementor-size-default\">Urodinamia<\/h2>\t\t\t\t<\/div>\n\t\t\t\t<\/div>\n\t\t\t\t<div class=\"elementor-element elementor-element-97b13e9 elementor-widget elementor-widget-text-editor\" data-id=\"97b13e9\" data-element_type=\"widget\" data-e-type=\"widget\" data-widget_type=\"text-editor.default\">\n\t\t\t\t<div class=\"elementor-widget-container\">\n\t\t\t\t\t\t\t\t\t<p>La prueba urodin\u00e1mica es un procedimiento que analiza qu\u00e9 tan bien funcionan las partes del tracto urinario inferior (la vejiga, los esf\u00ednteres y la uretra) para almacenar y liberar orina. La mayor\u00eda de las pruebas urodin\u00e1micas se centran en qu\u00e9 tan bien la vejiga puede retener y vaciar la orina. Las pruebas urodin\u00e1micas tambi\u00e9n pueden mostrar si la vejiga se contrae cuando no deber\u00eda, lo que provoca fugas de orina. <i>\u00a1En QOGYN podemos ayudarte con esta prueba!<\/i><\/p>\t\t\t\t\t\t\t\t<\/div>\n\t\t\t\t<\/div>\n\t\t\t\t\t<\/div>\n\t\t\t\t<\/div>\n\t\t<div class=\"elementor-element elementor-element-131862c e-flex e-con-boxed e-con e-child\" data-id=\"131862c\" data-element_type=\"container\" data-e-type=\"container\">\n\t\t\t\t\t<div class=\"e-con-inner\">\n\t\t\t\t<div class=\"elementor-element elementor-element-172f7fd elementor-widget elementor-widget-heading\" data-id=\"172f7fd\" data-element_type=\"widget\" data-e-type=\"widget\" data-widget_type=\"heading.default\">\n\t\t\t\t<div class=\"elementor-widget-container\">\n\t\t\t\t\t<h2 class=\"elementor-heading-title elementor-size-default\">Mamograf\u00eda<\/h2>\t\t\t\t<\/div>\n\t\t\t\t<\/div>\n\t\t\t\t<div class=\"elementor-element elementor-element-deb9e5b elementor-widget elementor-widget-text-editor\" data-id=\"deb9e5b\" data-element_type=\"widget\" data-e-type=\"widget\" data-widget_type=\"text-editor.default\">\n\t\t\t\t<div class=\"elementor-widget-container\">\n\t\t\t\t\t\t\t\t\t<p><a href=\"https:\/\/www.cancer.gov\/about-cancer\/screening\/patient-screening-overview-pdq\">La mamograf\u00eda<\/a> es un examen para evaluar las mamas y conocer si hay alg\u00fan signo o sintomas de enfermedades que puedan producir c\u00e1ncer<i>. \u00a1En QOGYN podemos ordenar tu mamograf\u00eda!<\/i><\/p>\t\t\t\t\t\t\t\t<\/div>\n\t\t\t\t<\/div>\n\t\t\t\t\t<\/div>\n\t\t\t\t<\/div>\n\t\t\t\t\t<\/div>\n\t\t\t\t<\/div>\n\t\t<div class=\"elementor-element elementor-element-e3cc90c e-flex e-con-boxed e-con e-parent\" data-id=\"e3cc90c\" data-element_type=\"container\" data-e-type=\"container\">\n\t\t\t\t\t<div class=\"e-con-inner\">\n\t\t<div class=\"elementor-element elementor-element-e444e11 e-flex e-con-boxed e-con e-child\" data-id=\"e444e11\" data-element_type=\"container\" data-e-type=\"container\">\n\t\t\t\t\t<div class=\"e-con-inner\">\n\t\t\t\t<div class=\"elementor-element elementor-element-18f3983 elementor-widget elementor-widget-heading\" data-id=\"18f3983\" data-element_type=\"widget\" data-e-type=\"widget\" data-widget_type=\"heading.default\">\n\t\t\t\t<div class=\"elementor-widget-container\">\n\t\t\t\t\t<h2 class=\"elementor-heading-title elementor-size-default\">Menstruaci\u00f3n anormal<\/h2>\t\t\t\t<\/div>\n\t\t\t\t<\/div>\n\t\t\t\t<div class=\"elementor-element elementor-element-870f72f elementor-widget elementor-widget-text-editor\" data-id=\"870f72f\" data-element_type=\"widget\" data-e-type=\"widget\" data-widget_type=\"text-editor.default\">\n\t\t\t\t<div class=\"elementor-widget-container\">\n\t\t\t\t\t\t\t\t\t<p>El periodo menstrual t\u00edpicamente dura de 4 a 7 dias y ocurre cada 28 dias. Ejemplos de periodos irregulares incluyen periodos mejores de 21 dias o menos de 35 dias, perder 3 o m\u00e1s periodos consecutivamente o ver m\u00e1s sangrado irregular duramente un periodo especifico. <i>\u00a1En QOGYN podemos tratar la menstruaci\u00f3n anormal!<\/i><\/p>\t\t\t\t\t\t\t\t<\/div>\n\t\t\t\t<\/div>\n\t\t\t\t\t<\/div>\n\t\t\t\t<\/div>\n\t\t<div class=\"elementor-element elementor-element-32d5915 e-flex e-con-boxed e-con e-child\" data-id=\"32d5915\" data-element_type=\"container\" data-e-type=\"container\">\n\t\t\t\t\t<div class=\"e-con-inner\">\n\t\t\t\t<div class=\"elementor-element elementor-element-7c3c199 elementor-widget elementor-widget-heading\" data-id=\"7c3c199\" data-element_type=\"widget\" data-e-type=\"widget\" data-widget_type=\"heading.default\">\n\t\t\t\t<div class=\"elementor-widget-container\">\n\t\t\t\t\t<h2 class=\"elementor-heading-title elementor-size-default\">Menopausia<\/h2>\t\t\t\t<\/div>\n\t\t\t\t<\/div>\n\t\t\t\t<div class=\"elementor-element elementor-element-07a8509 elementor-widget elementor-widget-text-editor\" data-id=\"07a8509\" data-element_type=\"widget\" data-e-type=\"widget\" data-widget_type=\"text-editor.default\">\n\t\t\t\t<div class=\"elementor-widget-container\">\n\t\t\t\t\t\t\t\t\t<p>La menopausia es cuando la mujer no a tenido la menstruaci\u00f3n durante 12 meses seguidos. Durante la menopausia la mujer puede experimentar s\u00edntomas de calor, insomnio, resequedad vaginal y dem\u00e1s s\u00edntomas. <i>\u00a1En QOGYN te ayudamos a controlar los s\u00edntomas de la menopausia.<\/i><\/p>\t\t\t\t\t\t\t\t<\/div>\n\t\t\t\t<\/div>\n\t\t\t\t\t<\/div>\n\t\t\t\t<\/div>\n\t\t<div class=\"elementor-element elementor-element-f646b47 e-flex e-con-boxed e-con e-child\" data-id=\"f646b47\" data-element_type=\"container\" data-e-type=\"container\">\n\t\t\t\t\t<div class=\"e-con-inner\">\n\t\t\t\t<div class=\"elementor-element elementor-element-b90fc07 elementor-widget elementor-widget-heading\" data-id=\"b90fc07\" data-element_type=\"widget\" data-e-type=\"widget\" data-widget_type=\"heading.default\">\n\t\t\t\t<div class=\"elementor-widget-container\">\n\t\t\t\t\t<h2 class=\"elementor-heading-title elementor-size-default\">Infecciones de la via urinaria<\/h2>\t\t\t\t<\/div>\n\t\t\t\t<\/div>\n\t\t\t\t<div class=\"elementor-element elementor-element-14293eb elementor-widget elementor-widget-text-editor\" data-id=\"14293eb\" data-element_type=\"widget\" data-e-type=\"widget\" data-widget_type=\"text-editor.default\">\n\t\t\t\t<div class=\"elementor-widget-container\">\n\t\t\t\t\t\t\t\t\t<p>La infecci\u00f3n de la via urinaria es una infecci\u00f3n del sistema urinario incluyendo la vejiga y la uretra. Cualquiera puede contraer una infecci\u00f3n de la via urinaria, pero es m\u00e1s com\u00fan en pacientes femeninos. <i>\u00a1Un QOGYN podemos tratar tu infecci\u00f3n de via urinaria!<\/i><\/p>\t\t\t\t\t\t\t\t<\/div>\n\t\t\t\t<\/div>\n\t\t\t\t\t<\/div>\n\t\t\t\t<\/div>\n\t\t\t\t\t<\/div>\n\t\t\t\t<\/div>\n\t\t<div class=\"elementor-element elementor-element-63a7815 e-flex e-con-boxed e-con e-parent\" data-id=\"63a7815\" data-element_type=\"container\" data-e-type=\"container\">\n\t\t\t\t\t<div class=\"e-con-inner\">\n\t\t<div class=\"elementor-element elementor-element-2f24cf0 e-flex e-con-boxed e-con e-child\" data-id=\"2f24cf0\" data-element_type=\"container\" data-e-type=\"container\">\n\t\t\t\t\t<div class=\"e-con-inner\">\n\t\t\t\t<div class=\"elementor-element elementor-element-9841a7a elementor-widget elementor-widget-heading\" data-id=\"9841a7a\" data-element_type=\"widget\" data-e-type=\"widget\" data-widget_type=\"heading.default\">\n\t\t\t\t<div class=\"elementor-widget-container\">\n\t\t\t\t\t<h2 class=\"elementor-heading-title elementor-size-default\">Servicio sin citas<\/h2>\t\t\t\t<\/div>\n\t\t\t\t<\/div>\n\t\t\t\t<div class=\"elementor-element elementor-element-c586aae elementor-widget elementor-widget-text-editor\" data-id=\"c586aae\" data-element_type=\"widget\" data-e-type=\"widget\" data-widget_type=\"text-editor.default\">\n\t\t\t\t<div class=\"elementor-widget-container\">\n\t\t\t\t\t\t\t\t\t<p>Somos una cl\u00ednica que acepta pacientes sin previa cita agendada. <i>\u00a1En QOGYN te vemos hoy!<\/i><\/p>\t\t\t\t\t\t\t\t<\/div>\n\t\t\t\t<\/div>\n\t\t\t\t\t<\/div>\n\t\t\t\t<\/div>\n\t\t<div class=\"elementor-element elementor-element-dded470 e-flex e-con-boxed e-con e-child\" data-id=\"dded470\" data-element_type=\"container\" data-e-type=\"container\">\n\t\t\t\t\t<div class=\"e-con-inner\">\n\t\t\t\t<div class=\"elementor-element elementor-element-dbe10d8 elementor-widget elementor-widget-heading\" data-id=\"dbe10d8\" data-element_type=\"widget\" data-e-type=\"widget\" data-widget_type=\"heading.default\">\n\t\t\t\t<div class=\"elementor-widget-container\">\n\t\t\t\t\t<h2 class=\"elementor-heading-title elementor-size-default\">Ultrasonido<\/h2>\t\t\t\t<\/div>\n\t\t\t\t<\/div>\n\t\t\t\t<div class=\"elementor-element elementor-element-89770d1 elementor-widget elementor-widget-text-editor\" data-id=\"89770d1\" data-element_type=\"widget\" data-e-type=\"widget\" data-widget_type=\"text-editor.default\">\n\t\t\t\t<div class=\"elementor-widget-container\">\n\t\t\t\t\t\t\t\t\t<p>Nuestros proveedores de salud utilizan equipos de alta tecnolog\u00eda para producir imagenes de la vejiga, \u00fatero, trompas de Falopio y ovarios para conocer el estado actual de tu salud.<\/p>\t\t\t\t\t\t\t\t<\/div>\n\t\t\t\t<\/div>\n\t\t\t\t\t<\/div>\n\t\t\t\t<\/div>\n\t\t<div class=\"elementor-element elementor-element-0ad25cb e-flex e-con-boxed e-con e-child\" data-id=\"0ad25cb\" data-element_type=\"container\" data-e-type=\"container\">\n\t\t\t\t\t<div class=\"e-con-inner\">\n\t\t\t\t<div class=\"elementor-element elementor-element-4b71759 elementor-widget elementor-widget-heading\" data-id=\"4b71759\" data-element_type=\"widget\" data-e-type=\"widget\" data-widget_type=\"heading.default\">\n\t\t\t\t<div class=\"elementor-widget-container\">\n\t\t\t\t\t<h2 class=\"elementor-heading-title elementor-size-default\">Prueba de embarazo<\/h2>\t\t\t\t<\/div>\n\t\t\t\t<\/div>\n\t\t\t\t<div class=\"elementor-element elementor-element-f1700f6 elementor-widget elementor-widget-text-editor\" data-id=\"f1700f6\" data-element_type=\"widget\" data-e-type=\"widget\" data-widget_type=\"text-editor.default\">\n\t\t\t\t<div class=\"elementor-widget-container\">\n\t\t\t\t\t\t\t\t\t<p>Una\u00a0<a href=\"https:\/\/medlineplus.gov\/pregnancy.html\">prueba de embarazo<\/a>\u00a0puede indicar si la paciente est\u00e1 embarazada con solo una prueba de orina o de sangre al examinar una\u00a0<a href=\"https:\/\/medlineplus.gov\/hormones.html\">hormona espec\u00edfica.<\/a>.\u00a0<i>\u00a1En QOGYN podemos hacerte la prueba de embarazo!<\/i><\/p>\t\t\t\t\t\t\t\t<\/div>\n\t\t\t\t<\/div>\n\t\t\t\t\t<\/div>\n\t\t\t\t<\/div>\n\t\t\t\t\t<\/div>\n\t\t\t\t<\/div>\n\t\t\t\t<\/div>","protected":false},"excerpt":{"rendered":"<p>Services Pap smears Pap smears are a lifesaving screening tool for cervical cancer. The test can detect abnormal cells in the cervix before they become cancerous. Healthcare providers often perform HPV tests during Pap tests to check for HPV, one of the leading causes of cervical cancer. An unclear or abnormal Pap smear result may [&hellip;]<\/p>\n","protected":false},"author":1,"featured_media":0,"parent":0,"menu_order":0,"comment_status":"closed","ping_status":"closed","template":"","meta":{"_acf_changed":false,"_coblocks_attr":"","_coblocks_dimensions":"","_coblocks_responsive_height":"","_coblocks_accordion_ie_support":"","footnotes":""},"class_list":["post-162","page","type-page","status-publish","hentry"],"acf":[],"yoast_head":"<!-- This site is optimized with the Yoast SEO plugin v27.6 - https:\/\/yoast.com\/product\/yoast-seo-wordpress\/ -->\n<title>Services - Queens Obstetrics &amp; Gynecology Services P.C.<\/title>\n<meta name=\"robots\" content=\"index, follow, max-snippet:-1, max-image-preview:large, max-video-preview:-1\" \/>\n<link rel=\"canonical\" href=\"https:\/\/qogyny.com\/es\/services\/\" \/>\n<meta property=\"og:locale\" content=\"es_ES\" \/>\n<meta property=\"og:type\" content=\"article\" \/>\n<meta property=\"og:title\" content=\"Services - Queens Obstetrics &amp; Gynecology Services P.C.\" \/>\n<meta property=\"og:description\" content=\"Services Pap smears Pap smears are a lifesaving screening tool for cervical cancer. The test can detect abnormal cells in the cervix before they become cancerous. Healthcare providers often perform HPV tests during Pap tests to check for HPV, one of the leading causes of cervical cancer. An unclear or abnormal Pap smear result may [&hellip;]\" \/>\n<meta property=\"og:url\" content=\"https:\/\/qogyny.com\/es\/services\/\" \/>\n<meta property=\"og:site_name\" content=\"Queens Obstetrics &amp; Gynecology Services P.C.\" \/>\n<meta property=\"article:modified_time\" content=\"2023-10-24T21:16:34+00:00\" \/>\n<meta name=\"twitter:card\" content=\"summary_large_image\" \/>\n<meta name=\"twitter:label1\" content=\"Tiempo de lectura\" \/>\n\t<meta name=\"twitter:data1\" content=\"3 minutos\" \/>\n<script type=\"application\/ld+json\" class=\"yoast-schema-graph\">{\"@context\":\"https:\\\/\\\/schema.org\",\"@graph\":[{\"@type\":\"WebPage\",\"@id\":\"https:\\\/\\\/qogyny.com\\\/services\\\/\",\"url\":\"https:\\\/\\\/qogyny.com\\\/services\\\/\",\"name\":\"Services - Queens Obstetrics &amp; Gynecology Services P.C.\",\"isPartOf\":{\"@id\":\"https:\\\/\\\/qogyny.com\\\/#website\"},\"datePublished\":\"2023-08-23T23:05:34+00:00\",\"dateModified\":\"2023-10-24T21:16:34+00:00\",\"breadcrumb\":{\"@id\":\"https:\\\/\\\/qogyny.com\\\/services\\\/#breadcrumb\"},\"inLanguage\":\"es\",\"potentialAction\":[{\"@type\":\"ReadAction\",\"target\":[\"https:\\\/\\\/qogyny.com\\\/services\\\/\"]}]},{\"@type\":\"BreadcrumbList\",\"@id\":\"https:\\\/\\\/qogyny.com\\\/services\\\/#breadcrumb\",\"itemListElement\":[{\"@type\":\"ListItem\",\"position\":1,\"name\":\"Portada\",\"item\":\"https:\\\/\\\/qogyny.com\\\/\"},{\"@type\":\"ListItem\",\"position\":2,\"name\":\"Services\"}]},{\"@type\":\"WebSite\",\"@id\":\"https:\\\/\\\/qogyny.com\\\/#website\",\"url\":\"https:\\\/\\\/qogyny.com\\\/\",\"name\":\"Queens Obstetrics &amp; Gynecology Services P.C.\",\"description\":\"\",\"publisher\":{\"@id\":\"https:\\\/\\\/qogyny.com\\\/#organization\"},\"potentialAction\":[{\"@type\":\"SearchAction\",\"target\":{\"@type\":\"EntryPoint\",\"urlTemplate\":\"https:\\\/\\\/qogyny.com\\\/?s={search_term_string}\"},\"query-input\":{\"@type\":\"PropertyValueSpecification\",\"valueRequired\":true,\"valueName\":\"search_term_string\"}}],\"inLanguage\":\"es\"},{\"@type\":\"Organization\",\"@id\":\"https:\\\/\\\/qogyny.com\\\/#organization\",\"name\":\"Queens Obstetrics &amp; Gynecology Services P.C.\",\"url\":\"https:\\\/\\\/qogyny.com\\\/\",\"logo\":{\"@type\":\"ImageObject\",\"inLanguage\":\"es\",\"@id\":\"https:\\\/\\\/qogyny.com\\\/#\\\/schema\\\/logo\\\/image\\\/\",\"url\":\"https:\\\/\\\/qogyny.com\\\/wp-content\\\/uploads\\\/2023\\\/08\\\/LOGO-QOGYN-.png\",\"contentUrl\":\"https:\\\/\\\/qogyny.com\\\/wp-content\\\/uploads\\\/2023\\\/08\\\/LOGO-QOGYN-.png\",\"width\":500,\"height\":222,\"caption\":\"Queens Obstetrics &amp; Gynecology Services P.C.\"},\"image\":{\"@id\":\"https:\\\/\\\/qogyny.com\\\/#\\\/schema\\\/logo\\\/image\\\/\"}}]}<\/script>\n<!-- \/ Yoast SEO plugin. -->","yoast_head_json":{"title":"Services - Queens Obstetrics &amp; Gynecology Services P.C.","robots":{"index":"index","follow":"follow","max-snippet":"max-snippet:-1","max-image-preview":"max-image-preview:large","max-video-preview":"max-video-preview:-1"},"canonical":"https:\/\/qogyny.com\/es\/services\/","og_locale":"es_ES","og_type":"article","og_title":"Services - Queens Obstetrics &amp; Gynecology Services P.C.","og_description":"Services Pap smears Pap smears are a lifesaving screening tool for cervical cancer. The test can detect abnormal cells in the cervix before they become cancerous. Healthcare providers often perform HPV tests during Pap tests to check for HPV, one of the leading causes of cervical cancer. An unclear or abnormal Pap smear result may [&hellip;]","og_url":"https:\/\/qogyny.com\/es\/services\/","og_site_name":"Queens Obstetrics &amp; Gynecology Services P.C.","article_modified_time":"2023-10-24T21:16:34+00:00","twitter_card":"summary_large_image","twitter_misc":{"Tiempo de lectura":"3 minutos"},"schema":{"@context":"https:\/\/schema.org","@graph":[{"@type":"WebPage","@id":"https:\/\/qogyny.com\/services\/","url":"https:\/\/qogyny.com\/services\/","name":"Services - Queens Obstetrics &amp; Gynecology Services P.C.","isPartOf":{"@id":"https:\/\/qogyny.com\/#website"},"datePublished":"2023-08-23T23:05:34+00:00","dateModified":"2023-10-24T21:16:34+00:00","breadcrumb":{"@id":"https:\/\/qogyny.com\/services\/#breadcrumb"},"inLanguage":"es","potentialAction":[{"@type":"ReadAction","target":["https:\/\/qogyny.com\/services\/"]}]},{"@type":"BreadcrumbList","@id":"https:\/\/qogyny.com\/services\/#breadcrumb","itemListElement":[{"@type":"ListItem","position":1,"name":"Portada","item":"https:\/\/qogyny.com\/"},{"@type":"ListItem","position":2,"name":"Services"}]},{"@type":"WebSite","@id":"https:\/\/qogyny.com\/#website","url":"https:\/\/qogyny.com\/","name":"Queens Obstetrics &amp; Gynecology Services P.C.","description":"","publisher":{"@id":"https:\/\/qogyny.com\/#organization"},"potentialAction":[{"@type":"SearchAction","target":{"@type":"EntryPoint","urlTemplate":"https:\/\/qogyny.com\/?s={search_term_string}"},"query-input":{"@type":"PropertyValueSpecification","valueRequired":true,"valueName":"search_term_string"}}],"inLanguage":"es"},{"@type":"Organization","@id":"https:\/\/qogyny.com\/#organization","name":"Queens Obstetrics &amp; Gynecology Services P.C.","url":"https:\/\/qogyny.com\/","logo":{"@type":"ImageObject","inLanguage":"es","@id":"https:\/\/qogyny.com\/#\/schema\/logo\/image\/","url":"https:\/\/qogyny.com\/wp-content\/uploads\/2023\/08\/LOGO-QOGYN-.png","contentUrl":"https:\/\/qogyny.com\/wp-content\/uploads\/2023\/08\/LOGO-QOGYN-.png","width":500,"height":222,"caption":"Queens Obstetrics &amp; Gynecology Services P.C."},"image":{"@id":"https:\/\/qogyny.com\/#\/schema\/logo\/image\/"}}]}},"_links":{"self":[{"href":"https:\/\/qogyny.com\/es\/wp-json\/wp\/v2\/pages\/162","targetHints":{"allow":["GET"]}}],"collection":[{"href":"https:\/\/qogyny.com\/es\/wp-json\/wp\/v2\/pages"}],"about":[{"href":"https:\/\/qogyny.com\/es\/wp-json\/wp\/v2\/types\/page"}],"author":[{"embeddable":true,"href":"https:\/\/qogyny.com\/es\/wp-json\/wp\/v2\/users\/1"}],"replies":[{"embeddable":true,"href":"https:\/\/qogyny.com\/es\/wp-json\/wp\/v2\/comments?post=162"}],"version-history":[{"count":22,"href":"https:\/\/qogyny.com\/es\/wp-json\/wp\/v2\/pages\/162\/revisions"}],"predecessor-version":[{"id":321,"href":"https:\/\/qogyny.com\/es\/wp-json\/wp\/v2\/pages\/162\/revisions\/321"}],"wp:attachment":[{"href":"https:\/\/qogyny.com\/es\/wp-json\/wp\/v2\/media?parent=162"}],"curies":[{"name":"wp","href":"https:\/\/api.w.org\/{rel}","templated":true}]}}